{"id":9825,"date":"2025-03-25T16:42:21","date_gmt":"2025-03-25T15:42:21","guid":{"rendered":"https:\/\/reelit.fr\/lenovo-campus\/?post_type=product&#038;p=9825"},"modified":"2025-08-07T09:49:24","modified_gmt":"2025-08-07T07:49:24","slug":"lenovo-slim-pen","status":"publish","type":"product","link":"https:\/\/reelit.fr\/lenovo-campus\/shop\/produitslenovo\/accessoires\/lenovo-slim-pen\/","title":{"rendered":"Lenovo Slim Pen &#8211; Stylet actif &#8211; gris orage"},"content":{"rendered":"<div class=\"wpb-content-wrapper\"><p>[vc_row woodmart_css_id=\u00a0\u00bb67c6bb696c61b\u00a0\u00bb responsive_spacing=\u00a0\u00bbeyJwYXJhbV90eXBlIjoid29vZG1hcnRfcmVzcG9uc2l2ZV9zcGFjaW5nIiwic2VsZWN0b3JfaWQiOiI2N2M2YmI2OTZjNjFiIiwic2hvcnRjb2RlIjoidmNfcm93IiwiZGF0YSI6eyJ0YWJsZXQiOnt9LCJtb2JpbGUiOnt9fX0=\u00a0\u00bb mobile_bg_img_hidden=\u00a0\u00bbno\u00a0\u00bb tablet_bg_img_hidden=\u00a0\u00bbno\u00a0\u00bb woodmart_parallax=\u00a0\u00bb0&Prime; woodmart_gradient_switch=\u00a0\u00bbno\u00a0\u00bb woodmart_box_shadow=\u00a0\u00bbno\u00a0\u00bb wd_z_index=\u00a0\u00bbno\u00a0\u00bb woodmart_disable_overflow=\u00a0\u00bb0&Prime; row_reverse_mobile=\u00a0\u00bb0&Prime; row_reverse_tablet=\u00a0\u00bb0&Prime;][vc_column css=\u00a0\u00bb.vc_custom_1493038156710{margin-bottom: -15px !important;}\u00a0\u00bb]\t\t<div id=\"wd-67c9552e554e3\" class=\"wd-image wd-wpb wd-rs-67c9552e554e3 text-left \">\n\t\t\t\n\t\t\t<img decoding=\"async\"  alt=\"Lenovo Campus\" src=\"https:\/\/reelit.fr\/lenovo-campus\/wp-content\/uploads\/2025\/03\/Lenovo_Campus-01.svg\" title=\"Lenovo Campus\" loading=\"lazy\" width=\"400\" height=\"300\">\n\t\t\t\t\t<\/div>\n\t\t\n\t\t<div id=\"wd-67e2cf126b61f\" class=\"title-wrapper wd-wpb wd-set-mb reset-last-child  wd-rs-67e2cf126b61f wd-title-color-default wd-title-style-default text-left  wd-underline-colored\">\n\t\t\t\n\t\t\t<div class=\"liner-continer\">\n\t\t\t\t<h4 class=\"woodmart-title-container title  wd-font-weight- wd-fontsize-m\" >Lenovo Slim Pen<\/h4>\n\t\t\t\t\t\t\t<\/div>\n\t\t\t\n\t\t\t\n\t\t\t\n\t\t<\/div>\n\t\t\n\t\t[\/vc_column][\/vc_row][vc_row content_placement=\u00a0\u00bbmiddle\u00a0\u00bb woodmart_css_id=\u00a0\u00bb67e2b5ee8d334&Prime; responsive_spacing=\u00a0\u00bbeyJwYXJhbV90eXBlIjoid29vZG1hcnRfcmVzcG9uc2l2ZV9zcGFjaW5nIiwic2VsZWN0b3JfaWQiOiI2N2UyYjVlZThkMzM0Iiwic2hvcnRjb2RlIjoidmNfcm93IiwiZGF0YSI6eyJ0YWJsZXQiOnt9LCJtb2JpbGUiOnt9fX0=\u00a0\u00bb mobile_bg_img_hidden=\u00a0\u00bbno\u00a0\u00bb tablet_bg_img_hidden=\u00a0\u00bbno\u00a0\u00bb woodmart_parallax=\u00a0\u00bb0&Prime; woodmart_gradient_switch=\u00a0\u00bbno\u00a0\u00bb woodmart_box_shadow=\u00a0\u00bbno\u00a0\u00bb wd_z_index=\u00a0\u00bbno\u00a0\u00bb woodmart_disable_overflow=\u00a0\u00bb0&Prime; row_reverse_mobile=\u00a0\u00bb0&Prime; row_reverse_tablet=\u00a0\u00bb0&Prime;][vc_column width=\u00a0\u00bb1\/2&Prime; offset=\u00a0\u00bbvc_col-md-6&Prime;]\t\t<div id=\"wd-67e2cfb4b6950\" class=\"wd-text-block wd-wpb reset-last-child wd-rs-67e2cfb4b6950 text-left \">\n\t\t\t<div class=\"headline\">\n<h2 class=\"key_details_title\" data-tkey=\"keyDetails\">Caract\u00e9ristiques:<\/h2>\n<div class=\"key_details_content\">\n<ul>\n<li>Diam\u00e8tre : 9,5 mm<\/li>\n<li>Protocoles WGP, MPP 2.0, AES 2.0 et AES 1.0 pris en charge<\/li>\n<li>Une \u00e9criture comme sur du papier<\/li>\n<li>Jusqu\u2019\u00e0 4 096 niveaux de sensibilit\u00e9 \u00e0 la pression<\/li>\n<\/ul>\n<div class=\"whats_in_box_container\">\n<h2 class=\"whats_in_box_title\" data-tkey=\"what.is.included\">\u00c9l\u00e9ments fournis<\/h2>\n<div class=\"whats_in_box_content\">\n<ul>\n<li>1 garantie standard<\/li>\n<li>1 Guide de l\u2019utilisateur<\/li>\n<li>Lenovo Slim Pen<\/li>\n<\/ul>\n<\/div>\n<\/div>\n<\/div>\n<\/div>\n\t\t<\/div>\n\t\t[\/vc_column][vc_column width=\u00a0\u00bb1\/2&Prime; offset=\u00a0\u00bbvc_col-md-6&Prime;]\t\t<div id=\"wd-67e2d05dcd5c7\" class=\"wd-image wd-wpb wd-rs-67e2d05dcd5c7 text-left \">\n\t\t\t\n\t\t\t<img decoding=\"async\" width=\"584\" height=\"584\" src=\"https:\/\/reelit.fr\/lenovo-campus\/wp-content\/uploads\/2025\/03\/Lenovo-Slim-Pen-4X81P44052_03.webp\" class=\"attachment-large size-large\" alt=\"Lenovo Slim Pen\" srcset=\"https:\/\/reelit.fr\/lenovo-campus\/wp-content\/uploads\/2025\/03\/Lenovo-Slim-Pen-4X81P44052_03.webp 584w, https:\/\/reelit.fr\/lenovo-campus\/wp-content\/uploads\/2025\/03\/Lenovo-Slim-Pen-4X81P44052_03-300x300.webp 300w, https:\/\/reelit.fr\/lenovo-campus\/wp-content\/uploads\/2025\/03\/Lenovo-Slim-Pen-4X81P44052_03-150x150.webp 150w, https:\/\/reelit.fr\/lenovo-campus\/wp-content\/uploads\/2025\/03\/Lenovo-Slim-Pen-4X81P44052_03-430x430.webp 430w\" sizes=\"(max-width: 584px) 100vw, 584px\" \/>\n\t\t\t\t\t<\/div>\n\t\t[\/vc_column][\/vc_row][vc_row content_placement=\u00a0\u00bbmiddle\u00a0\u00bb woodmart_css_id=\u00a0\u00bb67e2b5c34f37a\u00a0\u00bb responsive_spacing=\u00a0\u00bbeyJwYXJhbV90eXBlIjoid29vZG1hcnRfcmVzcG9uc2l2ZV9zcGFjaW5nIiwic2VsZWN0b3JfaWQiOiI2N2UyYjVjMzRmMzdhIiwic2hvcnRjb2RlIjoidmNfcm93IiwiZGF0YSI6eyJ0YWJsZXQiOnt9LCJtb2JpbGUiOnt9fX0=\u00a0\u00bb mobile_bg_img_hidden=\u00a0\u00bbno\u00a0\u00bb tablet_bg_img_hidden=\u00a0\u00bbno\u00a0\u00bb woodmart_parallax=\u00a0\u00bb0&Prime; woodmart_gradient_switch=\u00a0\u00bbno\u00a0\u00bb woodmart_box_shadow=\u00a0\u00bbno\u00a0\u00bb wd_z_index=\u00a0\u00bbno\u00a0\u00bb woodmart_disable_overflow=\u00a0\u00bb0&Prime; row_reverse_mobile=\u00a0\u00bb0&Prime; row_reverse_tablet=\u00a0\u00bb0&Prime;][vc_column width=\u00a0\u00bb1\/2&Prime; offset=\u00a0\u00bbvc_col-md-6&Prime;]\t\t<div id=\"wd-67e2d0698805d\" class=\"wd-image wd-wpb wd-rs-67e2d0698805d text-left \">\n\t\t\t\n\t\t\t<img decoding=\"async\" width=\"584\" height=\"584\" src=\"https:\/\/reelit.fr\/lenovo-campus\/wp-content\/uploads\/2025\/03\/Lenovo-Slim-Pen-4X81P44052_05.webp\" class=\"attachment-large size-large\" alt=\"\" srcset=\"https:\/\/reelit.fr\/lenovo-campus\/wp-content\/uploads\/2025\/03\/Lenovo-Slim-Pen-4X81P44052_05.webp 584w, https:\/\/reelit.fr\/lenovo-campus\/wp-content\/uploads\/2025\/03\/Lenovo-Slim-Pen-4X81P44052_05-300x300.webp 300w, https:\/\/reelit.fr\/lenovo-campus\/wp-content\/uploads\/2025\/03\/Lenovo-Slim-Pen-4X81P44052_05-150x150.webp 150w, https:\/\/reelit.fr\/lenovo-campus\/wp-content\/uploads\/2025\/03\/Lenovo-Slim-Pen-4X81P44052_05-430x430.webp 430w\" sizes=\"(max-width: 584px) 100vw, 584px\" \/>\n\t\t\t\t\t<\/div>\n\t\t[\/vc_column][vc_column width=\u00a0\u00bb1\/2&Prime; offset=\u00a0\u00bbvc_col-md-6&Prime;]\t\t<div id=\"wd-67e2cfe45b5ba\" class=\"wd-text-block wd-wpb reset-last-child wd-rs-67e2cfe45b5ba text-left \">\n\t\t\t<div class=\"headline\">\n<h2 class=\"headline\">Travaillez \u00e0 votre fa\u00e7on<\/h2>\n<div><\/div>\n<div class=\"description\">Profitez d&rsquo;une v\u00e9ritable libert\u00e9 dans vos projets cr\u00e9atifs. La large compatibilit\u00e9 du stylet fin de Lenovo avec les protocoles WGP, MPP2.0, AES2.0 et AES1.0 fait de votre stylet n&rsquo;est pas seulement un accessoire, mais une extension de votre volont\u00e9 cr\u00e9ative, pour une interaction fluide avec une vari\u00e9t\u00e9 d&rsquo;appareils.<\/div>\n<\/div>\n\t\t<\/div>\n\t\t[\/vc_column][\/vc_row][vc_row content_placement=\u00a0\u00bbmiddle\u00a0\u00bb woodmart_css_id=\u00a0\u00bb67e2b5d486c23&Prime; responsive_spacing=\u00a0\u00bbeyJwYXJhbV90eXBlIjoid29vZG1hcnRfcmVzcG9uc2l2ZV9zcGFjaW5nIiwic2VsZWN0b3JfaWQiOiI2N2UyYjVkNDg2YzIzIiwic2hvcnRjb2RlIjoidmNfcm93IiwiZGF0YSI6eyJ0YWJsZXQiOnt9LCJtb2JpbGUiOnt9fX0=\u00a0\u00bb mobile_bg_img_hidden=\u00a0\u00bbno\u00a0\u00bb tablet_bg_img_hidden=\u00a0\u00bbno\u00a0\u00bb woodmart_parallax=\u00a0\u00bb0&Prime; woodmart_gradient_switch=\u00a0\u00bbno\u00a0\u00bb woodmart_box_shadow=\u00a0\u00bbno\u00a0\u00bb wd_z_index=\u00a0\u00bbno\u00a0\u00bb woodmart_disable_overflow=\u00a0\u00bb0&Prime; row_reverse_mobile=\u00a0\u00bb0&Prime; row_reverse_tablet=\u00a0\u00bb0&Prime;][vc_column width=\u00a0\u00bb1\/2&Prime; offset=\u00a0\u00bbvc_col-md-6&Prime;]\t\t<div id=\"wd-67e2d0087ccc7\" class=\"wd-text-block wd-wpb reset-last-child wd-rs-67e2d0087ccc7 text-left \">\n\t\t\t<div class=\"headline\">\n<h2 class=\"headline\">Une expression r\u00e9aliste<\/h2>\n<div><\/div>\n<div class=\"description\">Avec une inclinaison et une sensibilit\u00e9 \u00e0 la pression impressionnantes, chaque trait est captur\u00e9 avec pr\u00e9cision, ce qui rend l&rsquo;\u00e9criture et le dessin num\u00e9riques aussi naturels et fluides que le stylet sur papier. Red\u00e9couvrez la joie de cr\u00e9er et voyez vos id\u00e9es prendre vie comme jamais auparavant.<\/div>\n<\/div>\n\t\t<\/div>\n\t\t[\/vc_column][vc_column width=\u00a0\u00bb1\/2&Prime; offset=\u00a0\u00bbvc_col-md-6&Prime;]\t\t<div id=\"wd-67e2d06fca0e1\" class=\"wd-image wd-wpb wd-rs-67e2d06fca0e1 text-left \">\n\t\t\t\n\t\t\t<img decoding=\"async\" width=\"590\" height=\"455\" src=\"https:\/\/reelit.fr\/lenovo-campus\/wp-content\/uploads\/2025\/03\/Lenovo-Essential-USB-Mouse-4Y50R20863_04.webp\" class=\"attachment-large size-large\" alt=\"\" srcset=\"https:\/\/reelit.fr\/lenovo-campus\/wp-content\/uploads\/2025\/03\/Lenovo-Essential-USB-Mouse-4Y50R20863_04.webp 590w, https:\/\/reelit.fr\/lenovo-campus\/wp-content\/uploads\/2025\/03\/Lenovo-Essential-USB-Mouse-4Y50R20863_04-389x300.webp 389w, https:\/\/reelit.fr\/lenovo-campus\/wp-content\/uploads\/2025\/03\/Lenovo-Essential-USB-Mouse-4Y50R20863_04-430x332.webp 430w, https:\/\/reelit.fr\/lenovo-campus\/wp-content\/uploads\/2025\/03\/Lenovo-Essential-USB-Mouse-4Y50R20863_04-150x116.webp 150w\" sizes=\"(max-width: 590px) 100vw, 590px\" \/>\n\t\t\t\t\t<\/div>\n\t\t[\/vc_column][\/vc_row]<\/p>\n<\/div>","protected":false},"excerpt":{"rendered":"<div class=\"description\">\n<p>Le Lenovo Slim Pen red\u00e9finit votre fa\u00e7on de travailler, d\u2019apprendre et de cr\u00e9er, en offrant une pr\u00e9cision remarquable et une prise en main naturelle. Parfait pour les \u00e9tudiants et enseignants, il permet de prendre des notes, annoter des documents ou r\u00e9aliser des croquis avec la sensation d\u2019\u00e9crire sur du papier. Gr\u00e2ce \u00e0 ses niveaux de pression avanc\u00e9s et sa sensibilit\u00e9 \u00e0 l\u2019inclinaison, vos gestes sont fid\u00e8lement reproduits pour un rendu fluide et expressif \u2014 id\u00e9al pour les mati\u00e8res cr\u00e9atives comme pour les prises de notes rapides en cours. Avec l\u2019application Smart Note accessible instantan\u00e9ment et sa fixation magn\u00e9tique s\u00e9curis\u00e9e, ce stylet est toujours \u00e0 port\u00e9e de main pour capturer vos id\u00e9es d\u00e8s qu\u2019elles surgissent.<\/p>\n<\/div>\n<p data-start=\"929\" data-end=\"1059\">Un outil moderne, intuitif et indispensable pour booster votre productivit\u00e9 et votre cr\u00e9ativit\u00e9, au rythme de votre quotidien.<\/p>\n","protected":false},"featured_media":9826,"comment_status":"closed","ping_status":"closed","template":"","meta":[],"product_brand":[111],"product_cat":[76],"product_tag":[],"class_list":{"0":"post-9825","1":"product","2":"type-product","3":"status-publish","4":"has-post-thumbnail","6":"product_brand-lenovo-campus","7":"product_cat-accessoires","8":"product_shipping_class-accessoires","10":"first","11":"instock","12":"shipping-taxable","13":"purchasable","14":"product-type-simple"},"yoast_head":"<!-- This site is optimized with the Yoast SEO plugin v27.3 - https:\/\/yoast.com\/product\/yoast-seo-wordpress\/ -->\n<title>Lenovo Slim Pen - Stylet actif - gris orage - Lenovo Campus by Reel IT<\/title>\n<meta name=\"description\" content=\"Le Lenovo Slim Pen transforme votre fa\u00e7on d\u2019apprendre et de cr\u00e9er gr\u00e2ce \u00e0 une pr\u00e9cision in\u00e9gal\u00e9e. Il vous accompagne partout en classe ou \u00e0 la maison.\" \/>\n<meta name=\"robots\" content=\"index, follow, max-snippet:-1, max-image-preview:large, max-video-preview:-1\" \/>\n<link rel=\"canonical\" href=\"https:\/\/reelit.fr\/lenovo-campus\/shop\/produitslenovo\/accessoires\/lenovo-slim-pen\/\" \/>\n<meta property=\"og:locale\" content=\"fr_FR\" \/>\n<meta property=\"og:type\" content=\"article\" \/>\n<meta property=\"og:title\" content=\"Lenovo Slim Pen - Stylet actif - gris orage - Lenovo Campus by Reel IT\" \/>\n<meta property=\"og:description\" content=\"Le Lenovo Slim Pen transforme votre fa\u00e7on d\u2019apprendre et de cr\u00e9er gr\u00e2ce \u00e0 une pr\u00e9cision in\u00e9gal\u00e9e. Il vous accompagne partout en classe ou \u00e0 la maison.\" \/>\n<meta property=\"og:url\" content=\"https:\/\/reelit.fr\/lenovo-campus\/shop\/produitslenovo\/accessoires\/lenovo-slim-pen\/\" \/>\n<meta property=\"og:site_name\" content=\"Lenovo Campus by Reel IT\" \/>\n<meta property=\"article:modified_time\" content=\"2025-08-07T07:49:24+00:00\" \/>\n<meta property=\"og:image\" content=\"https:\/\/reelit.fr\/lenovo-campus\/wp-content\/uploads\/2025\/03\/Lenovo-Slim-Pen-4X81P44052_01.webp\" \/>\n\t<meta property=\"og:image:width\" content=\"584\" \/>\n\t<meta property=\"og:image:height\" content=\"584\" \/>\n\t<meta property=\"og:image:type\" content=\"image\/webp\" \/>\n<meta name=\"twitter:card\" content=\"summary_large_image\" \/>\n<meta name=\"twitter:label1\" content=\"Dur\u00e9e de lecture estim\u00e9e\" \/>\n\t<meta name=\"twitter:data1\" content=\"2 minutes\" \/>\n<script type=\"application\/ld+json\" class=\"yoast-schema-graph\">{\"@context\":\"https:\\\/\\\/schema.org\",\"@graph\":[{\"@type\":\"WebPage\",\"@id\":\"https:\\\/\\\/reelit.fr\\\/lenovo-campus\\\/shop\\\/produitslenovo\\\/accessoires\\\/lenovo-slim-pen\\\/\",\"url\":\"https:\\\/\\\/reelit.fr\\\/lenovo-campus\\\/shop\\\/produitslenovo\\\/accessoires\\\/lenovo-slim-pen\\\/\",\"name\":\"Lenovo Slim Pen - Stylet actif - gris orage - Lenovo Campus by Reel IT\",\"isPartOf\":{\"@id\":\"https:\\\/\\\/reelit.fr\\\/lenovo-campus\\\/#website\"},\"primaryImageOfPage\":{\"@id\":\"https:\\\/\\\/reelit.fr\\\/lenovo-campus\\\/shop\\\/produitslenovo\\\/accessoires\\\/lenovo-slim-pen\\\/#primaryimage\"},\"image\":{\"@id\":\"https:\\\/\\\/reelit.fr\\\/lenovo-campus\\\/shop\\\/produitslenovo\\\/accessoires\\\/lenovo-slim-pen\\\/#primaryimage\"},\"thumbnailUrl\":\"https:\\\/\\\/reelit.fr\\\/lenovo-campus\\\/wp-content\\\/uploads\\\/2025\\\/03\\\/Lenovo-Slim-Pen-4X81P44052_01.webp\",\"datePublished\":\"2025-03-25T15:42:21+00:00\",\"dateModified\":\"2025-08-07T07:49:24+00:00\",\"description\":\"Le Lenovo Slim Pen transforme votre fa\u00e7on d\u2019apprendre et de cr\u00e9er gr\u00e2ce \u00e0 une pr\u00e9cision in\u00e9gal\u00e9e. Il vous accompagne partout en classe ou \u00e0 la maison.\",\"breadcrumb\":{\"@id\":\"https:\\\/\\\/reelit.fr\\\/lenovo-campus\\\/shop\\\/produitslenovo\\\/accessoires\\\/lenovo-slim-pen\\\/#breadcrumb\"},\"inLanguage\":\"fr-FR\",\"potentialAction\":[{\"@type\":\"ReadAction\",\"target\":[\"https:\\\/\\\/reelit.fr\\\/lenovo-campus\\\/shop\\\/produitslenovo\\\/accessoires\\\/lenovo-slim-pen\\\/\"]}]},{\"@type\":\"ImageObject\",\"inLanguage\":\"fr-FR\",\"@id\":\"https:\\\/\\\/reelit.fr\\\/lenovo-campus\\\/shop\\\/produitslenovo\\\/accessoires\\\/lenovo-slim-pen\\\/#primaryimage\",\"url\":\"https:\\\/\\\/reelit.fr\\\/lenovo-campus\\\/wp-content\\\/uploads\\\/2025\\\/03\\\/Lenovo-Slim-Pen-4X81P44052_01.webp\",\"contentUrl\":\"https:\\\/\\\/reelit.fr\\\/lenovo-campus\\\/wp-content\\\/uploads\\\/2025\\\/03\\\/Lenovo-Slim-Pen-4X81P44052_01.webp\",\"width\":584,\"height\":584,\"caption\":\"Lenovo Slim Pen\"},{\"@type\":\"BreadcrumbList\",\"@id\":\"https:\\\/\\\/reelit.fr\\\/lenovo-campus\\\/shop\\\/produitslenovo\\\/accessoires\\\/lenovo-slim-pen\\\/#breadcrumb\",\"itemListElement\":[{\"@type\":\"ListItem\",\"position\":1,\"name\":\"Accueil\",\"item\":\"https:\\\/\\\/reelit.fr\\\/lenovo-campus\\\/\"},{\"@type\":\"ListItem\",\"position\":2,\"name\":\"Shop\",\"item\":\"https:\\\/\\\/reelit.fr\\\/lenovo-campus\\\/shop\\\/\"},{\"@type\":\"ListItem\",\"position\":3,\"name\":\"Lenovo Slim Pen &#8211; Stylet actif &#8211; gris orage\"}]},{\"@type\":\"WebSite\",\"@id\":\"https:\\\/\\\/reelit.fr\\\/lenovo-campus\\\/#website\",\"url\":\"https:\\\/\\\/reelit.fr\\\/lenovo-campus\\\/\",\"name\":\"Reel IT | Lenovo Campus\",\"description\":\"Construisez votre avenir !\",\"publisher\":{\"@id\":\"https:\\\/\\\/reelit.fr\\\/lenovo-campus\\\/#organization\"},\"potentialAction\":[{\"@type\":\"SearchAction\",\"target\":{\"@type\":\"EntryPoint\",\"urlTemplate\":\"https:\\\/\\\/reelit.fr\\\/lenovo-campus\\\/?s={search_term_string}\"},\"query-input\":{\"@type\":\"PropertyValueSpecification\",\"valueRequired\":true,\"valueName\":\"search_term_string\"}}],\"inLanguage\":\"fr-FR\"},{\"@type\":\"Organization\",\"@id\":\"https:\\\/\\\/reelit.fr\\\/lenovo-campus\\\/#organization\",\"name\":\"Reel IT | Lenovo Campus\",\"url\":\"https:\\\/\\\/reelit.fr\\\/lenovo-campus\\\/\",\"logo\":{\"@type\":\"ImageObject\",\"inLanguage\":\"fr-FR\",\"@id\":\"https:\\\/\\\/reelit.fr\\\/lenovo-campus\\\/#\\\/schema\\\/logo\\\/image\\\/\",\"url\":\"https:\\\/\\\/reelit.fr\\\/lenovo-campus\\\/wp-content\\\/uploads\\\/2025\\\/03\\\/Lenovo_Campus-01.svg\",\"contentUrl\":\"https:\\\/\\\/reelit.fr\\\/lenovo-campus\\\/wp-content\\\/uploads\\\/2025\\\/03\\\/Lenovo_Campus-01.svg\",\"width\":1130,\"height\":189,\"caption\":\"Reel IT | Lenovo Campus\"},\"image\":{\"@id\":\"https:\\\/\\\/reelit.fr\\\/lenovo-campus\\\/#\\\/schema\\\/logo\\\/image\\\/\"}}]}<\/script>\n<!-- \/ Yoast SEO plugin. -->","yoast_head_json":{"title":"Lenovo Slim Pen - Stylet actif - gris orage - Lenovo Campus by Reel IT","description":"Le Lenovo Slim Pen transforme votre fa\u00e7on d\u2019apprendre et de cr\u00e9er gr\u00e2ce \u00e0 une pr\u00e9cision in\u00e9gal\u00e9e. Il vous accompagne partout en classe ou \u00e0 la maison.","robots":{"index":"index","follow":"follow","max-snippet":"max-snippet:-1","max-image-preview":"max-image-preview:large","max-video-preview":"max-video-preview:-1"},"canonical":"https:\/\/reelit.fr\/lenovo-campus\/shop\/produitslenovo\/accessoires\/lenovo-slim-pen\/","og_locale":"fr_FR","og_type":"article","og_title":"Lenovo Slim Pen - Stylet actif - gris orage - Lenovo Campus by Reel IT","og_description":"Le Lenovo Slim Pen transforme votre fa\u00e7on d\u2019apprendre et de cr\u00e9er gr\u00e2ce \u00e0 une pr\u00e9cision in\u00e9gal\u00e9e. Il vous accompagne partout en classe ou \u00e0 la maison.","og_url":"https:\/\/reelit.fr\/lenovo-campus\/shop\/produitslenovo\/accessoires\/lenovo-slim-pen\/","og_site_name":"Lenovo Campus by Reel IT","article_modified_time":"2025-08-07T07:49:24+00:00","og_image":[{"width":584,"height":584,"url":"https:\/\/reelit.fr\/lenovo-campus\/wp-content\/uploads\/2025\/03\/Lenovo-Slim-Pen-4X81P44052_01.webp","type":"image\/webp"}],"twitter_card":"summary_large_image","twitter_misc":{"Dur\u00e9e de lecture estim\u00e9e":"2 minutes"},"schema":{"@context":"https:\/\/schema.org","@graph":[{"@type":"WebPage","@id":"https:\/\/reelit.fr\/lenovo-campus\/shop\/produitslenovo\/accessoires\/lenovo-slim-pen\/","url":"https:\/\/reelit.fr\/lenovo-campus\/shop\/produitslenovo\/accessoires\/lenovo-slim-pen\/","name":"Lenovo Slim Pen - Stylet actif - gris orage - Lenovo Campus by Reel IT","isPartOf":{"@id":"https:\/\/reelit.fr\/lenovo-campus\/#website"},"primaryImageOfPage":{"@id":"https:\/\/reelit.fr\/lenovo-campus\/shop\/produitslenovo\/accessoires\/lenovo-slim-pen\/#primaryimage"},"image":{"@id":"https:\/\/reelit.fr\/lenovo-campus\/shop\/produitslenovo\/accessoires\/lenovo-slim-pen\/#primaryimage"},"thumbnailUrl":"https:\/\/reelit.fr\/lenovo-campus\/wp-content\/uploads\/2025\/03\/Lenovo-Slim-Pen-4X81P44052_01.webp","datePublished":"2025-03-25T15:42:21+00:00","dateModified":"2025-08-07T07:49:24+00:00","description":"Le Lenovo Slim Pen transforme votre fa\u00e7on d\u2019apprendre et de cr\u00e9er gr\u00e2ce \u00e0 une pr\u00e9cision in\u00e9gal\u00e9e. Il vous accompagne partout en classe ou \u00e0 la maison.","breadcrumb":{"@id":"https:\/\/reelit.fr\/lenovo-campus\/shop\/produitslenovo\/accessoires\/lenovo-slim-pen\/#breadcrumb"},"inLanguage":"fr-FR","potentialAction":[{"@type":"ReadAction","target":["https:\/\/reelit.fr\/lenovo-campus\/shop\/produitslenovo\/accessoires\/lenovo-slim-pen\/"]}]},{"@type":"ImageObject","inLanguage":"fr-FR","@id":"https:\/\/reelit.fr\/lenovo-campus\/shop\/produitslenovo\/accessoires\/lenovo-slim-pen\/#primaryimage","url":"https:\/\/reelit.fr\/lenovo-campus\/wp-content\/uploads\/2025\/03\/Lenovo-Slim-Pen-4X81P44052_01.webp","contentUrl":"https:\/\/reelit.fr\/lenovo-campus\/wp-content\/uploads\/2025\/03\/Lenovo-Slim-Pen-4X81P44052_01.webp","width":584,"height":584,"caption":"Lenovo Slim Pen"},{"@type":"BreadcrumbList","@id":"https:\/\/reelit.fr\/lenovo-campus\/shop\/produitslenovo\/accessoires\/lenovo-slim-pen\/#breadcrumb","itemListElement":[{"@type":"ListItem","position":1,"name":"Accueil","item":"https:\/\/reelit.fr\/lenovo-campus\/"},{"@type":"ListItem","position":2,"name":"Shop","item":"https:\/\/reelit.fr\/lenovo-campus\/shop\/"},{"@type":"ListItem","position":3,"name":"Lenovo Slim Pen &#8211; Stylet actif &#8211; gris orage"}]},{"@type":"WebSite","@id":"https:\/\/reelit.fr\/lenovo-campus\/#website","url":"https:\/\/reelit.fr\/lenovo-campus\/","name":"Reel IT | Lenovo Campus","description":"Construisez votre avenir !","publisher":{"@id":"https:\/\/reelit.fr\/lenovo-campus\/#organization"},"potentialAction":[{"@type":"SearchAction","target":{"@type":"EntryPoint","urlTemplate":"https:\/\/reelit.fr\/lenovo-campus\/?s={search_term_string}"},"query-input":{"@type":"PropertyValueSpecification","valueRequired":true,"valueName":"search_term_string"}}],"inLanguage":"fr-FR"},{"@type":"Organization","@id":"https:\/\/reelit.fr\/lenovo-campus\/#organization","name":"Reel IT | Lenovo Campus","url":"https:\/\/reelit.fr\/lenovo-campus\/","logo":{"@type":"ImageObject","inLanguage":"fr-FR","@id":"https:\/\/reelit.fr\/lenovo-campus\/#\/schema\/logo\/image\/","url":"https:\/\/reelit.fr\/lenovo-campus\/wp-content\/uploads\/2025\/03\/Lenovo_Campus-01.svg","contentUrl":"https:\/\/reelit.fr\/lenovo-campus\/wp-content\/uploads\/2025\/03\/Lenovo_Campus-01.svg","width":1130,"height":189,"caption":"Reel IT | Lenovo Campus"},"image":{"@id":"https:\/\/reelit.fr\/lenovo-campus\/#\/schema\/logo\/image\/"}}]}},"_links":{"self":[{"href":"https:\/\/reelit.fr\/lenovo-campus\/wp-json\/wp\/v2\/product\/9825","targetHints":{"allow":["GET"]}}],"collection":[{"href":"https:\/\/reelit.fr\/lenovo-campus\/wp-json\/wp\/v2\/product"}],"about":[{"href":"https:\/\/reelit.fr\/lenovo-campus\/wp-json\/wp\/v2\/types\/product"}],"replies":[{"embeddable":true,"href":"https:\/\/reelit.fr\/lenovo-campus\/wp-json\/wp\/v2\/comments?post=9825"}],"wp:featuredmedia":[{"embeddable":true,"href":"https:\/\/reelit.fr\/lenovo-campus\/wp-json\/wp\/v2\/media\/9826"}],"wp:attachment":[{"href":"https:\/\/reelit.fr\/lenovo-campus\/wp-json\/wp\/v2\/media?parent=9825"}],"wp:term":[{"taxonomy":"product_brand","embeddable":true,"href":"https:\/\/reelit.fr\/lenovo-campus\/wp-json\/wp\/v2\/product_brand?post=9825"},{"taxonomy":"product_cat","embeddable":true,"href":"https:\/\/reelit.fr\/lenovo-campus\/wp-json\/wp\/v2\/product_cat?post=9825"},{"taxonomy":"product_tag","embeddable":true,"href":"https:\/\/reelit.fr\/lenovo-campus\/wp-json\/wp\/v2\/product_tag?post=9825"}],"curies":[{"name":"wp","href":"https:\/\/api.w.org\/{rel}","templated":true}]}}