{"id":9796,"date":"2025-03-25T15:12:08","date_gmt":"2025-03-25T14:12:08","guid":{"rendered":"https:\/\/reelit.fr\/lenovo-campus\/?post_type=product&#038;p=9796"},"modified":"2025-10-10T10:29:31","modified_gmt":"2025-10-10T08:29:31","slug":"lenovo-thinkpad-dock-usb-c-universel","status":"publish","type":"product","link":"https:\/\/reelit.fr\/lenovo-campus\/shop\/produitslenovo\/accessoires\/lenovo-thinkpad-dock-usb-c-universel\/","title":{"rendered":"Lenovo ThinkPad Dock USB-C Universel"},"content":{"rendered":"<div class=\"wpb-content-wrapper\"><p>[vc_row woodmart_css_id=\u00a0\u00bb67c6bb696c61b\u00a0\u00bb responsive_spacing=\u00a0\u00bbeyJwYXJhbV90eXBlIjoid29vZG1hcnRfcmVzcG9uc2l2ZV9zcGFjaW5nIiwic2VsZWN0b3JfaWQiOiI2N2M2YmI2OTZjNjFiIiwic2hvcnRjb2RlIjoidmNfcm93IiwiZGF0YSI6eyJ0YWJsZXQiOnt9LCJtb2JpbGUiOnt9fX0=\u00a0\u00bb mobile_bg_img_hidden=\u00a0\u00bbno\u00a0\u00bb tablet_bg_img_hidden=\u00a0\u00bbno\u00a0\u00bb woodmart_parallax=\u00a0\u00bb0&Prime; woodmart_gradient_switch=\u00a0\u00bbno\u00a0\u00bb woodmart_box_shadow=\u00a0\u00bbno\u00a0\u00bb wd_z_index=\u00a0\u00bbno\u00a0\u00bb woodmart_disable_overflow=\u00a0\u00bb0&Prime; row_reverse_mobile=\u00a0\u00bb0&Prime; row_reverse_tablet=\u00a0\u00bb0&Prime;][vc_column css=\u00a0\u00bb.vc_custom_1493038156710{margin-bottom: -15px !important;}\u00a0\u00bb]\t\t<div id=\"wd-67c9552e554e3\" class=\"wd-image wd-wpb wd-rs-67c9552e554e3 text-left \">\n\t\t\t\n\t\t\t<img decoding=\"async\"  alt=\"Lenovo Campus\" src=\"https:\/\/reelit.fr\/lenovo-campus\/wp-content\/uploads\/2025\/03\/Lenovo_Campus-01.svg\" title=\"Lenovo Campus\" loading=\"lazy\" width=\"400\" height=\"300\">\n\t\t\t\t\t<\/div>\n\t\t\n\t\t<div id=\"wd-67e2c21d0d6a3\" class=\"title-wrapper wd-wpb wd-set-mb reset-last-child  wd-rs-67e2c21d0d6a3 wd-title-color-default wd-title-style-default text-left  wd-underline-colored\">\n\t\t\t\t\t\t\t\n\t\t\t\t<div class=\"title-subtitle  subtitle-color-default font-default subtitle-style-default wd-font-weight- wd-fontsize-xs\">\u00c9l\u00e9ments fournis<\/div>\n\t\t\t\n\t\t\t<div class=\"liner-continer\">\n\t\t\t\t<h4 class=\"woodmart-title-container title  wd-font-weight- wd-fontsize-m\" >Station d'accueil ThinkPad Universal USB-C<\/h4>\n\t\t\t\t\t\t\t<\/div>\n\t\t\t\n\t\t\t\t\t\t\t<div class=\"title-after_title reset-last-child  wd-fontsize-xs\">1 Station d\u2019accueil ThinkPad Universal USB-C<br \/>\n1 Adaptateur secteur 90 W<br \/>\n1 C\u00e2ble d\u2019alimentation<br \/>\n1 C\u00e2ble USB-C<br \/>\n1 Document<\/div>\n\t\t\t\n\t\t\t\n\t\t<\/div>\n\t\t\n\t\t[\/vc_column][\/vc_row][vc_row content_placement=\u00a0\u00bbtop\u00a0\u00bb woodmart_css_id=\u00a0\u00bb67c7256d18516&Prime; responsive_spacing=\u00a0\u00bbeyJwYXJhbV90eXBlIjoid29vZG1hcnRfcmVzcG9uc2l2ZV9zcGFjaW5nIiwic2VsZWN0b3JfaWQiOiI2N2M3MjU2ZDE4NTE2Iiwic2hvcnRjb2RlIjoidmNfcm93IiwiZGF0YSI6eyJ0YWJsZXQiOnt9LCJtb2JpbGUiOnt9fX0=\u00a0\u00bb mobile_bg_img_hidden=\u00a0\u00bbno\u00a0\u00bb tablet_bg_img_hidden=\u00a0\u00bbno\u00a0\u00bb woodmart_parallax=\u00a0\u00bb0&Prime; woodmart_gradient_switch=\u00a0\u00bbno\u00a0\u00bb woodmart_box_shadow=\u00a0\u00bbno\u00a0\u00bb wd_z_index=\u00a0\u00bbno\u00a0\u00bb woodmart_disable_overflow=\u00a0\u00bb0&Prime; row_reverse_mobile=\u00a0\u00bb0&Prime; row_reverse_tablet=\u00a0\u00bb0&Prime;][vc_column width=\u00a0\u00bb1\/2&Prime; offset=\u00a0\u00bbvc_col-md-6&Prime;]\t\t<div id=\"wd-67e2bbd02ca51\" class=\"wd-text-block wd-wpb reset-last-child wd-rs-67e2bbd02ca51 text-left \">\n\t\t\t<div class=\"headline\">\n<h2 class=\"headline\">Une station d\u2019accueil. Z\u00e9ro limite<\/h2>\n<div><\/div>\n<div class=\"description\">D\u00e9velopp\u00e9e pour assurer performances et productivit\u00e9, la station d\u2019accueil ThinkPad Universal USB-C est compatible avec la plupart des ordinateurs portables USB-C Windows\u00a010 et au-del\u00e02. Id\u00e9ale pour le travail en bureau et \u00e0 distance, c\u2019est le r\u00eave d\u2019un responsable informatique\u00a0: les mises \u00e0 jour critiques du micrologiciel sont install\u00e9es automatiquement et les outils informatiques traditionnels, tels que le d\u00e9marrage PXE, WOL et la transmission de l\u2019adresse MAC, sont \u00e9galement pris en charge.<\/div>\n<\/div>\n\t\t<\/div>\n\t\t[\/vc_column][vc_column width=\u00a0\u00bb1\/2&Prime; offset=\u00a0\u00bbvc_col-md-6&Prime;]\t\t<div id=\"wd-67e2bbe090644\" class=\"wd-image wd-wpb wd-rs-67e2bbe090644 text-left \">\n\t\t\t\n\t\t\t<img decoding=\"async\" width=\"590\" height=\"455\" src=\"https:\/\/reelit.fr\/lenovo-campus\/wp-content\/uploads\/2025\/03\/ThinkPad-Universal-USB-C-Dock-40AY0090EU_08.webp\" class=\"attachment-full size-full\" alt=\"\" srcset=\"https:\/\/reelit.fr\/lenovo-campus\/wp-content\/uploads\/2025\/03\/ThinkPad-Universal-USB-C-Dock-40AY0090EU_08.webp 590w, https:\/\/reelit.fr\/lenovo-campus\/wp-content\/uploads\/2025\/03\/ThinkPad-Universal-USB-C-Dock-40AY0090EU_08-389x300.webp 389w, https:\/\/reelit.fr\/lenovo-campus\/wp-content\/uploads\/2025\/03\/ThinkPad-Universal-USB-C-Dock-40AY0090EU_08-430x332.webp 430w, https:\/\/reelit.fr\/lenovo-campus\/wp-content\/uploads\/2025\/03\/ThinkPad-Universal-USB-C-Dock-40AY0090EU_08-150x116.webp 150w\" sizes=\"(max-width: 590px) 100vw, 590px\" \/>\n\t\t\t\t\t<\/div>\n\t\t[\/vc_column][\/vc_row][vc_row content_placement=\u00a0\u00bbtop\u00a0\u00bb woodmart_css_id=\u00a0\u00bb67c7256d18516&Prime; responsive_spacing=\u00a0\u00bbeyJwYXJhbV90eXBlIjoid29vZG1hcnRfcmVzcG9uc2l2ZV9zcGFjaW5nIiwic2VsZWN0b3JfaWQiOiI2N2M3MjU2ZDE4NTE2Iiwic2hvcnRjb2RlIjoidmNfcm93IiwiZGF0YSI6eyJ0YWJsZXQiOnt9LCJtb2JpbGUiOnt9fX0=\u00a0\u00bb mobile_bg_img_hidden=\u00a0\u00bbno\u00a0\u00bb tablet_bg_img_hidden=\u00a0\u00bbno\u00a0\u00bb woodmart_parallax=\u00a0\u00bb0&Prime; woodmart_gradient_switch=\u00a0\u00bbno\u00a0\u00bb woodmart_box_shadow=\u00a0\u00bbno\u00a0\u00bb wd_z_index=\u00a0\u00bbno\u00a0\u00bb woodmart_disable_overflow=\u00a0\u00bb0&Prime; row_reverse_mobile=\u00a0\u00bb0&Prime; row_reverse_tablet=\u00a0\u00bb0&Prime;][vc_column width=\u00a0\u00bb1\/2&Prime; offset=\u00a0\u00bbvc_col-md-6&Prime;]\t\t<div id=\"wd-67e2bc02af28f\" class=\"wd-image wd-wpb wd-rs-67e2bc02af28f text-left \">\n\t\t\t\n\t\t\t<img decoding=\"async\" width=\"590\" height=\"455\" src=\"https:\/\/reelit.fr\/lenovo-campus\/wp-content\/uploads\/2025\/03\/9ThinkPad-Universal-USB-C-Dock-40AY0090EU_08.webp\" class=\"attachment-full size-full\" alt=\"\" srcset=\"https:\/\/reelit.fr\/lenovo-campus\/wp-content\/uploads\/2025\/03\/9ThinkPad-Universal-USB-C-Dock-40AY0090EU_08.webp 590w, https:\/\/reelit.fr\/lenovo-campus\/wp-content\/uploads\/2025\/03\/9ThinkPad-Universal-USB-C-Dock-40AY0090EU_08-389x300.webp 389w, https:\/\/reelit.fr\/lenovo-campus\/wp-content\/uploads\/2025\/03\/9ThinkPad-Universal-USB-C-Dock-40AY0090EU_08-430x332.webp 430w, https:\/\/reelit.fr\/lenovo-campus\/wp-content\/uploads\/2025\/03\/9ThinkPad-Universal-USB-C-Dock-40AY0090EU_08-150x116.webp 150w\" sizes=\"(max-width: 590px) 100vw, 590px\" \/>\n\t\t\t\t\t<\/div>\n\t\t[\/vc_column][vc_column width=\u00a0\u00bb1\/2&Prime; offset=\u00a0\u00bbvc_col-md-6&Prime;]\t\t<div id=\"wd-67e2bbf829682\" class=\"wd-text-block wd-wpb reset-last-child wd-rs-67e2bbf829682 text-left \">\n\t\t\t<div class=\"headline\">\n<h2 class=\"headline\">Un seul c\u00e2ble. Z\u00e9ro probl\u00e8me<\/h2>\n<div><\/div>\n<div class=\"description\">Gr\u00e2ce \u00e0 plus de 11\u00a0ports, dont DisplayPort\u2122 et HDMI\u2122, la station d\u2019accueil Thinkpad Universal USB-C vous offre une polyvalence exceptionnelle. Elle vous permet de profiter de transferts de donn\u00e9es ultra-rapides, de charger rapidement des ordinateurs portables USB-C et de brancher des \u00e9crans et d\u2019autres accessoires pour PC pr\u00eats \u00e0 l\u2019emploi. De plus, cette station d\u2019accueil sophistiqu\u00e9e fonctionnant via un seul c\u00e2ble vous assure une plus grande surface de bureau \u00e0 utiliser.<\/div>\n<\/div>\n\t\t<\/div>\n\t\t[\/vc_column][\/vc_row][vc_row content_placement=\u00a0\u00bbtop\u00a0\u00bb woodmart_css_id=\u00a0\u00bb67c7256d18516&Prime; responsive_spacing=\u00a0\u00bbeyJwYXJhbV90eXBlIjoid29vZG1hcnRfcmVzcG9uc2l2ZV9zcGFjaW5nIiwic2VsZWN0b3JfaWQiOiI2N2M3MjU2ZDE4NTE2Iiwic2hvcnRjb2RlIjoidmNfcm93IiwiZGF0YSI6eyJ0YWJsZXQiOnt9LCJtb2JpbGUiOnt9fX0=\u00a0\u00bb mobile_bg_img_hidden=\u00a0\u00bbno\u00a0\u00bb tablet_bg_img_hidden=\u00a0\u00bbno\u00a0\u00bb woodmart_parallax=\u00a0\u00bb0&Prime; woodmart_gradient_switch=\u00a0\u00bbno\u00a0\u00bb woodmart_box_shadow=\u00a0\u00bbno\u00a0\u00bb wd_z_index=\u00a0\u00bbno\u00a0\u00bb woodmart_disable_overflow=\u00a0\u00bb0&Prime; row_reverse_mobile=\u00a0\u00bb0&Prime; row_reverse_tablet=\u00a0\u00bb0&Prime;][vc_column width=\u00a0\u00bb1\/2&Prime; offset=\u00a0\u00bbvc_col-md-6&Prime;]\t\t<div id=\"wd-67e2bc2356635\" class=\"wd-text-block wd-wpb reset-last-child wd-rs-67e2bc2356635 text-left \">\n\t\t\t<div class=\"headline\">\n<h2 class=\"headline\">Une seule solution de travail \u00e0 distance. Z\u00e9ro probl\u00e8me<\/h2>\n<div><\/div>\n<div class=\"description\">La gestion \u00e0 distance des stations d\u2019accueil est d\u00e9sormais bien plus intelligente. Gr\u00e2ce \u00e0 Dock Manager et \u00e0 notre mat\u00e9riel le plus r\u00e9cent, les mises \u00e0 jour du micrologiciel peuvent \u00eatre effectu\u00e9es sans interrompre l\u2019utilisateur final, pour une productivit\u00e9 jamais compromise.<\/div>\n<\/div>\n\t\t<\/div>\n\t\t[\/vc_column][vc_column width=\u00a0\u00bb1\/2&Prime; offset=\u00a0\u00bbvc_col-md-6&Prime;]\t\t<div id=\"wd-67e2bc2e1d567\" class=\"wd-image wd-wpb wd-rs-67e2bc2e1d567 text-left \">\n\t\t\t\n\t\t\t<img decoding=\"async\" width=\"590\" height=\"455\" src=\"https:\/\/reelit.fr\/lenovo-campus\/wp-content\/uploads\/2025\/03\/ThinkPad-Universal-USB-C-Dock-40AY0090EU_10.webp\" class=\"attachment-full size-full\" alt=\"ThinkPad Universal USB-C Dock\" srcset=\"https:\/\/reelit.fr\/lenovo-campus\/wp-content\/uploads\/2025\/03\/ThinkPad-Universal-USB-C-Dock-40AY0090EU_10.webp 590w, https:\/\/reelit.fr\/lenovo-campus\/wp-content\/uploads\/2025\/03\/ThinkPad-Universal-USB-C-Dock-40AY0090EU_10-389x300.webp 389w, https:\/\/reelit.fr\/lenovo-campus\/wp-content\/uploads\/2025\/03\/ThinkPad-Universal-USB-C-Dock-40AY0090EU_10-430x332.webp 430w, https:\/\/reelit.fr\/lenovo-campus\/wp-content\/uploads\/2025\/03\/ThinkPad-Universal-USB-C-Dock-40AY0090EU_10-150x116.webp 150w\" sizes=\"(max-width: 590px) 100vw, 590px\" \/>\n\t\t\t\t\t<\/div>\n\t\t[\/vc_column][\/vc_row]<\/p>\n<\/div>","protected":false},"excerpt":{"rendered":"<div class=\"description\">\n<p>Le Lenovo ThinkPad Dock USB-C Universel est l\u2019outil parfait pour simplifier la vie des \u00e9tudiants. Avec son c\u00e2ble unique et sa compatibilit\u00e9 universelle, elle permet de connecter en un geste votre PC \u00e0 plusieurs \u00e9crans, p\u00e9riph\u00e9riques et \u00e0 la charge rapide (jusqu\u2019\u00e0 100 W). Son syst\u00e8me Plug-and-Play nouvelle g\u00e9n\u00e9ration vous fait gagner du temps, que ce soit pour un cours en ligne, un projet de groupe ou vos loisirs. Assez intelligente pour installer automatiquement les mises \u00e0 jour essentielles, elle est id\u00e9ale pour passer facilement du bureau \u00e0 la maison tout en restant organis\u00e9 et productif.*<\/p>\n<p>* Le bo\u00eetier d\u2019alimentation de 90 W fourni permet de charger les appareils ThinkPad, ainsi que d\u2019autres ordinateurs portables USB-C jusqu\u2019\u00e0 65 W. Pour un chargement de 100 W, un bo\u00eetier d\u2019alimentation 135 W \u00e0 embout fin (en option) est requis (r\u00e9f\u00e9rence : 4X20E50558 (US)\/4X20E505xx). Vendu s\u00e9par\u00e9ment.<\/p>\n<p><strong><a href=\"https:\/\/reelit.fr\/lenovo-campus\/wp-content\/uploads\/2025\/05\/ThinkPad-Universal-USB-C-Dock-40AY0090EU.pdf\" target=\"_blank\" rel=\"noopener\">Brochure PDF<\/a><\/strong><\/p>\n<\/div>\n","protected":false},"featured_media":9798,"comment_status":"closed","ping_status":"closed","template":"","meta":[],"product_brand":[111],"product_cat":[76],"product_tag":[],"class_list":{"0":"post-9796","1":"product","2":"type-product","3":"status-publish","4":"has-post-thumbnail","6":"product_brand-lenovo-campus","7":"product_cat-accessoires","8":"product_shipping_class-accessoires","10":"first","11":"instock","12":"shipping-taxable","13":"purchasable","14":"product-type-simple"},"yoast_head":"<!-- This site is optimized with the Yoast SEO plugin v27.3 - https:\/\/yoast.com\/product\/yoast-seo-wordpress\/ -->\n<title>Lenovo ThinkPad Dock USB-C Universel - Lenovo Campus by Reel IT<\/title>\n<meta name=\"description\" content=\"D\u00e9couvrez le Lenovo ThinkPad Dock USB-C Universel. Id\u00e9al pour les \u00e9tudiants, elle facilite le passage rapide entre les cours et les moments de d\u00e9tente.\" \/>\n<meta name=\"robots\" content=\"index, follow, max-snippet:-1, max-image-preview:large, max-video-preview:-1\" \/>\n<link rel=\"canonical\" href=\"https:\/\/reelit.fr\/lenovo-campus\/shop\/produitslenovo\/accessoires\/lenovo-thinkpad-dock-usb-c-universel\/\" \/>\n<meta property=\"og:locale\" content=\"fr_FR\" \/>\n<meta property=\"og:type\" content=\"article\" \/>\n<meta property=\"og:title\" content=\"Lenovo ThinkPad Dock USB-C Universel - Lenovo Campus by Reel IT\" \/>\n<meta property=\"og:description\" content=\"D\u00e9couvrez le Lenovo ThinkPad Dock USB-C Universel. Id\u00e9al pour les \u00e9tudiants, elle facilite le passage rapide entre les cours et les moments de d\u00e9tente.\" \/>\n<meta property=\"og:url\" content=\"https:\/\/reelit.fr\/lenovo-campus\/shop\/produitslenovo\/accessoires\/lenovo-thinkpad-dock-usb-c-universel\/\" \/>\n<meta property=\"og:site_name\" content=\"Lenovo Campus by Reel IT\" \/>\n<meta property=\"article:modified_time\" content=\"2025-10-10T08:29:31+00:00\" \/>\n<meta property=\"og:image\" content=\"https:\/\/reelit.fr\/lenovo-campus\/wp-content\/uploads\/2025\/03\/ThinkPad-Universal-USB-C-Dock-40AY0090EU_01.webp\" \/>\n\t<meta property=\"og:image:width\" content=\"584\" \/>\n\t<meta property=\"og:image:height\" content=\"584\" \/>\n\t<meta property=\"og:image:type\" content=\"image\/webp\" \/>\n<meta name=\"twitter:card\" content=\"summary_large_image\" \/>\n<meta name=\"twitter:label1\" content=\"Dur\u00e9e de lecture estim\u00e9e\" \/>\n\t<meta name=\"twitter:data1\" content=\"3 minutes\" \/>\n<script type=\"application\/ld+json\" class=\"yoast-schema-graph\">{\"@context\":\"https:\\\/\\\/schema.org\",\"@graph\":[{\"@type\":\"WebPage\",\"@id\":\"https:\\\/\\\/reelit.fr\\\/lenovo-campus\\\/shop\\\/produitslenovo\\\/accessoires\\\/lenovo-thinkpad-dock-usb-c-universel\\\/\",\"url\":\"https:\\\/\\\/reelit.fr\\\/lenovo-campus\\\/shop\\\/produitslenovo\\\/accessoires\\\/lenovo-thinkpad-dock-usb-c-universel\\\/\",\"name\":\"Lenovo ThinkPad Dock USB-C Universel - Lenovo Campus by Reel IT\",\"isPartOf\":{\"@id\":\"https:\\\/\\\/reelit.fr\\\/lenovo-campus\\\/#website\"},\"primaryImageOfPage\":{\"@id\":\"https:\\\/\\\/reelit.fr\\\/lenovo-campus\\\/shop\\\/produitslenovo\\\/accessoires\\\/lenovo-thinkpad-dock-usb-c-universel\\\/#primaryimage\"},\"image\":{\"@id\":\"https:\\\/\\\/reelit.fr\\\/lenovo-campus\\\/shop\\\/produitslenovo\\\/accessoires\\\/lenovo-thinkpad-dock-usb-c-universel\\\/#primaryimage\"},\"thumbnailUrl\":\"https:\\\/\\\/reelit.fr\\\/lenovo-campus\\\/wp-content\\\/uploads\\\/2025\\\/03\\\/ThinkPad-Universal-USB-C-Dock-40AY0090EU_01.webp\",\"datePublished\":\"2025-03-25T14:12:08+00:00\",\"dateModified\":\"2025-10-10T08:29:31+00:00\",\"description\":\"D\u00e9couvrez le Lenovo ThinkPad Dock USB-C Universel. Id\u00e9al pour les \u00e9tudiants, elle facilite le passage rapide entre les cours et les moments de d\u00e9tente.\",\"breadcrumb\":{\"@id\":\"https:\\\/\\\/reelit.fr\\\/lenovo-campus\\\/shop\\\/produitslenovo\\\/accessoires\\\/lenovo-thinkpad-dock-usb-c-universel\\\/#breadcrumb\"},\"inLanguage\":\"fr-FR\",\"potentialAction\":[{\"@type\":\"ReadAction\",\"target\":[\"https:\\\/\\\/reelit.fr\\\/lenovo-campus\\\/shop\\\/produitslenovo\\\/accessoires\\\/lenovo-thinkpad-dock-usb-c-universel\\\/\"]}]},{\"@type\":\"ImageObject\",\"inLanguage\":\"fr-FR\",\"@id\":\"https:\\\/\\\/reelit.fr\\\/lenovo-campus\\\/shop\\\/produitslenovo\\\/accessoires\\\/lenovo-thinkpad-dock-usb-c-universel\\\/#primaryimage\",\"url\":\"https:\\\/\\\/reelit.fr\\\/lenovo-campus\\\/wp-content\\\/uploads\\\/2025\\\/03\\\/ThinkPad-Universal-USB-C-Dock-40AY0090EU_01.webp\",\"contentUrl\":\"https:\\\/\\\/reelit.fr\\\/lenovo-campus\\\/wp-content\\\/uploads\\\/2025\\\/03\\\/ThinkPad-Universal-USB-C-Dock-40AY0090EU_01.webp\",\"width\":584,\"height\":584,\"caption\":\"Lenovo ThinkPad Dock USB-C Universel 40AY0090EU_01\"},{\"@type\":\"BreadcrumbList\",\"@id\":\"https:\\\/\\\/reelit.fr\\\/lenovo-campus\\\/shop\\\/produitslenovo\\\/accessoires\\\/lenovo-thinkpad-dock-usb-c-universel\\\/#breadcrumb\",\"itemListElement\":[{\"@type\":\"ListItem\",\"position\":1,\"name\":\"Accueil\",\"item\":\"https:\\\/\\\/reelit.fr\\\/lenovo-campus\\\/\"},{\"@type\":\"ListItem\",\"position\":2,\"name\":\"Shop\",\"item\":\"https:\\\/\\\/reelit.fr\\\/lenovo-campus\\\/shop\\\/\"},{\"@type\":\"ListItem\",\"position\":3,\"name\":\"Lenovo ThinkPad Dock USB-C Universel\"}]},{\"@type\":\"WebSite\",\"@id\":\"https:\\\/\\\/reelit.fr\\\/lenovo-campus\\\/#website\",\"url\":\"https:\\\/\\\/reelit.fr\\\/lenovo-campus\\\/\",\"name\":\"Reel IT | Lenovo Campus\",\"description\":\"Construisez votre avenir !\",\"publisher\":{\"@id\":\"https:\\\/\\\/reelit.fr\\\/lenovo-campus\\\/#organization\"},\"potentialAction\":[{\"@type\":\"SearchAction\",\"target\":{\"@type\":\"EntryPoint\",\"urlTemplate\":\"https:\\\/\\\/reelit.fr\\\/lenovo-campus\\\/?s={search_term_string}\"},\"query-input\":{\"@type\":\"PropertyValueSpecification\",\"valueRequired\":true,\"valueName\":\"search_term_string\"}}],\"inLanguage\":\"fr-FR\"},{\"@type\":\"Organization\",\"@id\":\"https:\\\/\\\/reelit.fr\\\/lenovo-campus\\\/#organization\",\"name\":\"Reel IT | Lenovo Campus\",\"url\":\"https:\\\/\\\/reelit.fr\\\/lenovo-campus\\\/\",\"logo\":{\"@type\":\"ImageObject\",\"inLanguage\":\"fr-FR\",\"@id\":\"https:\\\/\\\/reelit.fr\\\/lenovo-campus\\\/#\\\/schema\\\/logo\\\/image\\\/\",\"url\":\"https:\\\/\\\/reelit.fr\\\/lenovo-campus\\\/wp-content\\\/uploads\\\/2025\\\/03\\\/Lenovo_Campus-01.svg\",\"contentUrl\":\"https:\\\/\\\/reelit.fr\\\/lenovo-campus\\\/wp-content\\\/uploads\\\/2025\\\/03\\\/Lenovo_Campus-01.svg\",\"width\":1130,\"height\":189,\"caption\":\"Reel IT | Lenovo Campus\"},\"image\":{\"@id\":\"https:\\\/\\\/reelit.fr\\\/lenovo-campus\\\/#\\\/schema\\\/logo\\\/image\\\/\"}}]}<\/script>\n<!-- \/ Yoast SEO plugin. -->","yoast_head_json":{"title":"Lenovo ThinkPad Dock USB-C Universel - Lenovo Campus by Reel IT","description":"D\u00e9couvrez le Lenovo ThinkPad Dock USB-C Universel. Id\u00e9al pour les \u00e9tudiants, elle facilite le passage rapide entre les cours et les moments de d\u00e9tente.","robots":{"index":"index","follow":"follow","max-snippet":"max-snippet:-1","max-image-preview":"max-image-preview:large","max-video-preview":"max-video-preview:-1"},"canonical":"https:\/\/reelit.fr\/lenovo-campus\/shop\/produitslenovo\/accessoires\/lenovo-thinkpad-dock-usb-c-universel\/","og_locale":"fr_FR","og_type":"article","og_title":"Lenovo ThinkPad Dock USB-C Universel - Lenovo Campus by Reel IT","og_description":"D\u00e9couvrez le Lenovo ThinkPad Dock USB-C Universel. Id\u00e9al pour les \u00e9tudiants, elle facilite le passage rapide entre les cours et les moments de d\u00e9tente.","og_url":"https:\/\/reelit.fr\/lenovo-campus\/shop\/produitslenovo\/accessoires\/lenovo-thinkpad-dock-usb-c-universel\/","og_site_name":"Lenovo Campus by Reel IT","article_modified_time":"2025-10-10T08:29:31+00:00","og_image":[{"width":584,"height":584,"url":"https:\/\/reelit.fr\/lenovo-campus\/wp-content\/uploads\/2025\/03\/ThinkPad-Universal-USB-C-Dock-40AY0090EU_01.webp","type":"image\/webp"}],"twitter_card":"summary_large_image","twitter_misc":{"Dur\u00e9e de lecture estim\u00e9e":"3 minutes"},"schema":{"@context":"https:\/\/schema.org","@graph":[{"@type":"WebPage","@id":"https:\/\/reelit.fr\/lenovo-campus\/shop\/produitslenovo\/accessoires\/lenovo-thinkpad-dock-usb-c-universel\/","url":"https:\/\/reelit.fr\/lenovo-campus\/shop\/produitslenovo\/accessoires\/lenovo-thinkpad-dock-usb-c-universel\/","name":"Lenovo ThinkPad Dock USB-C Universel - Lenovo Campus by Reel IT","isPartOf":{"@id":"https:\/\/reelit.fr\/lenovo-campus\/#website"},"primaryImageOfPage":{"@id":"https:\/\/reelit.fr\/lenovo-campus\/shop\/produitslenovo\/accessoires\/lenovo-thinkpad-dock-usb-c-universel\/#primaryimage"},"image":{"@id":"https:\/\/reelit.fr\/lenovo-campus\/shop\/produitslenovo\/accessoires\/lenovo-thinkpad-dock-usb-c-universel\/#primaryimage"},"thumbnailUrl":"https:\/\/reelit.fr\/lenovo-campus\/wp-content\/uploads\/2025\/03\/ThinkPad-Universal-USB-C-Dock-40AY0090EU_01.webp","datePublished":"2025-03-25T14:12:08+00:00","dateModified":"2025-10-10T08:29:31+00:00","description":"D\u00e9couvrez le Lenovo ThinkPad Dock USB-C Universel. Id\u00e9al pour les \u00e9tudiants, elle facilite le passage rapide entre les cours et les moments de d\u00e9tente.","breadcrumb":{"@id":"https:\/\/reelit.fr\/lenovo-campus\/shop\/produitslenovo\/accessoires\/lenovo-thinkpad-dock-usb-c-universel\/#breadcrumb"},"inLanguage":"fr-FR","potentialAction":[{"@type":"ReadAction","target":["https:\/\/reelit.fr\/lenovo-campus\/shop\/produitslenovo\/accessoires\/lenovo-thinkpad-dock-usb-c-universel\/"]}]},{"@type":"ImageObject","inLanguage":"fr-FR","@id":"https:\/\/reelit.fr\/lenovo-campus\/shop\/produitslenovo\/accessoires\/lenovo-thinkpad-dock-usb-c-universel\/#primaryimage","url":"https:\/\/reelit.fr\/lenovo-campus\/wp-content\/uploads\/2025\/03\/ThinkPad-Universal-USB-C-Dock-40AY0090EU_01.webp","contentUrl":"https:\/\/reelit.fr\/lenovo-campus\/wp-content\/uploads\/2025\/03\/ThinkPad-Universal-USB-C-Dock-40AY0090EU_01.webp","width":584,"height":584,"caption":"Lenovo ThinkPad Dock USB-C Universel 40AY0090EU_01"},{"@type":"BreadcrumbList","@id":"https:\/\/reelit.fr\/lenovo-campus\/shop\/produitslenovo\/accessoires\/lenovo-thinkpad-dock-usb-c-universel\/#breadcrumb","itemListElement":[{"@type":"ListItem","position":1,"name":"Accueil","item":"https:\/\/reelit.fr\/lenovo-campus\/"},{"@type":"ListItem","position":2,"name":"Shop","item":"https:\/\/reelit.fr\/lenovo-campus\/shop\/"},{"@type":"ListItem","position":3,"name":"Lenovo ThinkPad Dock USB-C Universel"}]},{"@type":"WebSite","@id":"https:\/\/reelit.fr\/lenovo-campus\/#website","url":"https:\/\/reelit.fr\/lenovo-campus\/","name":"Reel IT | Lenovo Campus","description":"Construisez votre avenir !","publisher":{"@id":"https:\/\/reelit.fr\/lenovo-campus\/#organization"},"potentialAction":[{"@type":"SearchAction","target":{"@type":"EntryPoint","urlTemplate":"https:\/\/reelit.fr\/lenovo-campus\/?s={search_term_string}"},"query-input":{"@type":"PropertyValueSpecification","valueRequired":true,"valueName":"search_term_string"}}],"inLanguage":"fr-FR"},{"@type":"Organization","@id":"https:\/\/reelit.fr\/lenovo-campus\/#organization","name":"Reel IT | Lenovo Campus","url":"https:\/\/reelit.fr\/lenovo-campus\/","logo":{"@type":"ImageObject","inLanguage":"fr-FR","@id":"https:\/\/reelit.fr\/lenovo-campus\/#\/schema\/logo\/image\/","url":"https:\/\/reelit.fr\/lenovo-campus\/wp-content\/uploads\/2025\/03\/Lenovo_Campus-01.svg","contentUrl":"https:\/\/reelit.fr\/lenovo-campus\/wp-content\/uploads\/2025\/03\/Lenovo_Campus-01.svg","width":1130,"height":189,"caption":"Reel IT | Lenovo Campus"},"image":{"@id":"https:\/\/reelit.fr\/lenovo-campus\/#\/schema\/logo\/image\/"}}]}},"_links":{"self":[{"href":"https:\/\/reelit.fr\/lenovo-campus\/wp-json\/wp\/v2\/product\/9796","targetHints":{"allow":["GET"]}}],"collection":[{"href":"https:\/\/reelit.fr\/lenovo-campus\/wp-json\/wp\/v2\/product"}],"about":[{"href":"https:\/\/reelit.fr\/lenovo-campus\/wp-json\/wp\/v2\/types\/product"}],"replies":[{"embeddable":true,"href":"https:\/\/reelit.fr\/lenovo-campus\/wp-json\/wp\/v2\/comments?post=9796"}],"wp:featuredmedia":[{"embeddable":true,"href":"https:\/\/reelit.fr\/lenovo-campus\/wp-json\/wp\/v2\/media\/9798"}],"wp:attachment":[{"href":"https:\/\/reelit.fr\/lenovo-campus\/wp-json\/wp\/v2\/media?parent=9796"}],"wp:term":[{"taxonomy":"product_brand","embeddable":true,"href":"https:\/\/reelit.fr\/lenovo-campus\/wp-json\/wp\/v2\/product_brand?post=9796"},{"taxonomy":"product_cat","embeddable":true,"href":"https:\/\/reelit.fr\/lenovo-campus\/wp-json\/wp\/v2\/product_cat?post=9796"},{"taxonomy":"product_tag","embeddable":true,"href":"https:\/\/reelit.fr\/lenovo-campus\/wp-json\/wp\/v2\/product_tag?post=9796"}],"curies":[{"name":"wp","href":"https:\/\/api.w.org\/{rel}","templated":true}]}}